{"id":639,"date":"2023-10-11T19:29:51","date_gmt":"2023-10-11T17:29:51","guid":{"rendered":"https:\/\/www.the-resi.de\/?page_id=639"},"modified":"2023-10-17T17:18:50","modified_gmt":"2023-10-17T15:18:50","slug":"magic","status":"publish","type":"page","link":"https:\/\/www.the-resi.de\/en\/magic\/","title":{"rendered":"Magic"},"content":{"rendered":"<div data-elementor-type=\"wp-page\" data-elementor-id=\"639\" class=\"elementor elementor-639\" data-elementor-post-type=\"page\">\n\t\t\t\t\t\t<section class=\"elementor-section elementor-top-section elementor-element elementor-element-fbb093a elementor-section-full_width elementor-section-height-default elementor-section-height-default\" data-id=\"fbb093a\" data-element_type=\"section\" data-e-type=\"section\" data-settings=\"{&quot;background_background&quot;:&quot;classic&quot;}\">\n\t\t\t\t\t\t<div class=\"elementor-container elementor-column-gap-default\">\n\t\t\t\t\t<div class=\"elementor-column elementor-col-100 elementor-top-column elementor-element elementor-element-d4f2ce1\" data-id=\"d4f2ce1\" data-element_type=\"column\" data-e-type=\"column\">\n\t\t\t<div class=\"elementor-widget-wrap elementor-element-populated\">\n\t\t\t\t\t\t<div class=\"elementor-element elementor-element-3f15a78 elementor-widget elementor-widget-spacer\" data-id=\"3f15a78\" data-element_type=\"widget\" data-e-type=\"widget\" data-widget_type=\"spacer.default\">\n\t\t\t\t<div class=\"elementor-widget-container\">\n\t\t\t\t\t\t\t<div class=\"elementor-spacer\">\n\t\t\t<div class=\"elementor-spacer-inner\"><\/div>\n\t\t<\/div>\n\t\t\t\t\t\t<\/div>\n\t\t\t\t<\/div>\n\t\t\t\t\t<\/div>\n\t\t<\/div>\n\t\t\t\t\t<\/div>\n\t\t<\/section>\n\t\t\t\t<section class=\"elementor-section elementor-top-section elementor-element elementor-element-2bf09acc elementor-section-full_width elementor-section-content-middle elementor-section-height-default elementor-section-height-default\" data-id=\"2bf09acc\" data-element_type=\"section\" data-e-type=\"section\" data-settings=\"{&quot;background_background&quot;:&quot;classic&quot;}\">\n\t\t\t\t\t\t<div class=\"elementor-container elementor-column-gap-no\">\n\t\t\t\t\t<div class=\"elementor-column elementor-col-50 elementor-top-column elementor-element elementor-element-5e6221e1\" data-id=\"5e6221e1\" data-element_type=\"column\" data-e-type=\"column\">\n\t\t\t<div class=\"elementor-widget-wrap elementor-element-populated\">\n\t\t\t\t\t\t<div class=\"elementor-element elementor-element-d460bac elementor-widget elementor-widget-heading\" data-id=\"d460bac\" data-element_type=\"widget\" data-e-type=\"widget\" data-widget_type=\"heading.default\">\n\t\t\t\t<div class=\"elementor-widget-container\">\n\t\t\t\t\t<h1 class=\"elementor-heading-title elementor-size-default\">Magic<\/h1>\t\t\t\t<\/div>\n\t\t\t\t<\/div>\n\t\t\t\t<div class=\"elementor-element elementor-element-a400f3d elementor-widget elementor-widget-heading\" data-id=\"a400f3d\" data-element_type=\"widget\" data-e-type=\"widget\" data-widget_type=\"heading.default\">\n\t\t\t\t<div class=\"elementor-widget-container\">\n\t\t\t\t\t<h3 class=\"elementor-heading-title elementor-size-default\">erlebe magische momente<\/h3>\t\t\t\t<\/div>\n\t\t\t\t<\/div>\n\t\t\t\t<div class=\"elementor-element elementor-element-5af764dc elementor-widget elementor-widget-text-editor\" data-id=\"5af764dc\" data-element_type=\"widget\" data-e-type=\"widget\" data-widget_type=\"text-editor.default\">\n\t\t\t\t<div class=\"elementor-widget-container\">\n\t\t\t\t\t\t\t\t\t<p>Our magic show is a captivating entertainment program that blurs the boundaries between reality and illusion. Experience the magic and amazement as our talented magicians conjure up a world of illusions, tricks and surprises before your eyes.<\/p><p>Die Interaktion mit dem Publikum ist ein wesentlicher Bestandteil unserer Zaubershows. Unsere Zauberer beziehen die G\u00e4ste aktiv ein, indem sie sie in die Tricks einbeziehen, Fragen stellen und die Zuschauer in Staunen versetzen. Die Interaktion schafft eine unterhaltsame und einladende Atmosph\u00e4re.<\/p><div class=\"group final-completion w-full text-token-text-primary border-b border-black\/10 gizmo:border-0 dark:border-gray-900\/50 gizmo:dark:border-0 bg-gray-50 gizmo:bg-transparent dark:bg-[#444654] gizmo:dark:bg-transparent\" data-testid=\"conversation-turn-31\"><div class=\"p-4 justify-center text-base md:gap-6 md:py-6 m-auto\"><div class=\"flex flex-1 gap-4 text-base mx-auto md:gap-6 gizmo:gap-3 gizmo:md:px-5 gizmo:lg:px-1 gizmo:xl:px-5 md:max-w-2xl lg:max-w-[38rem] gizmo:md:max-w-3xl gizmo:lg:max-w-[40rem] gizmo:xl:max-w-[48rem] xl:max-w-3xl }\"><div class=\"relative flex w-[calc(100%-50px)] flex-col gizmo:w-full lg:w-[calc(100%-115px)] agent-turn\"><div class=\"flex-col gap-1 md:gap-3\"><div class=\"flex flex-grow flex-col gap-3 max-w-full\"><div class=\"min-h-[20px] flex flex-col items-start gap-3 whitespace-pre-wrap break-words overflow-x-auto\"><div class=\"markdown prose w-full break-words dark:prose-invert light\"><p>Experience the fascination of the magic show and let yourself be enchanted by the magic. We look forward to offering you and your guests an unforgettable journey into the world of illusion.<\/p><\/div><\/div><\/div><\/div><\/div><\/div><\/div><\/div>\t\t\t\t\t\t\t\t<\/div>\n\t\t\t\t<\/div>\n\t\t\t\t\t<\/div>\n\t\t<\/div>\n\t\t\t\t<div class=\"elementor-column elementor-col-50 elementor-top-column elementor-element elementor-element-6c61744e\" data-id=\"6c61744e\" data-element_type=\"column\" data-e-type=\"column\">\n\t\t\t<div class=\"elementor-widget-wrap elementor-element-populated\">\n\t\t\t\t\t\t<div class=\"elementor-element elementor-element-a791184 elementor-widget__width-initial animated-slow elementor-widget-tablet__width-initial elementor-widget-mobile__width-initial elementor-invisible elementor-widget elementor-widget-spacer\" data-id=\"a791184\" data-element_type=\"widget\" data-e-type=\"widget\" data-settings=\"{&quot;motion_fx_motion_fx_scrolling&quot;:&quot;yes&quot;,&quot;motion_fx_translateY_effect&quot;:&quot;yes&quot;,&quot;motion_fx_translateY_affectedRange&quot;:{&quot;unit&quot;:&quot;%&quot;,&quot;size&quot;:&quot;&quot;,&quot;sizes&quot;:{&quot;start&quot;:&quot;0&quot;,&quot;end&quot;:&quot;66&quot;}},&quot;motion_fx_translateY_direction&quot;:&quot;negative&quot;,&quot;_animation&quot;:&quot;fadeInDown&quot;,&quot;motion_fx_devices&quot;:[&quot;desktop&quot;],&quot;motion_fx_translateY_speed&quot;:{&quot;unit&quot;:&quot;px&quot;,&quot;size&quot;:4,&quot;sizes&quot;:[]}}\" data-widget_type=\"spacer.default\">\n\t\t\t\t<div class=\"elementor-widget-container\">\n\t\t\t\t\t\t\t<div class=\"elementor-spacer\">\n\t\t\t<div class=\"elementor-spacer-inner\"><\/div>\n\t\t<\/div>\n\t\t\t\t\t\t<\/div>\n\t\t\t\t<\/div>\n\t\t\t\t<div class=\"elementor-element elementor-element-27936175 elementor-widget__width-initial animated-slow elementor-widget-tablet__width-initial elementor-widget-mobile__width-initial elementor-invisible elementor-widget elementor-widget-spacer\" data-id=\"27936175\" data-element_type=\"widget\" data-e-type=\"widget\" data-settings=\"{&quot;_animation&quot;:&quot;fadeInUp&quot;}\" data-widget_type=\"spacer.default\">\n\t\t\t\t<div class=\"elementor-widget-container\">\n\t\t\t\t\t\t\t<div class=\"elementor-spacer\">\n\t\t\t<div class=\"elementor-spacer-inner\"><\/div>\n\t\t<\/div>\n\t\t\t\t\t\t<\/div>\n\t\t\t\t<\/div>\n\t\t\t\t<div class=\"elementor-element elementor-element-6d1a6f60 e-grid-align-left e-grid-align-tablet-center elementor-grid-1 elementor-widget__width-auto elementor-absolute elementor-grid-mobile-1 elementor-shape-rounded elementor-widget elementor-widget-social-icons\" data-id=\"6d1a6f60\" data-element_type=\"widget\" data-e-type=\"widget\" data-settings=\"{&quot;_position&quot;:&quot;absolute&quot;}\" data-widget_type=\"social-icons.default\">\n\t\t\t\t<div class=\"elementor-widget-container\">\n\t\t\t\t\t\t\t<div class=\"elementor-social-icons-wrapper elementor-grid\" role=\"list\">\n\t\t\t\t\t\t\t<span class=\"elementor-grid-item\" role=\"listitem\">\n\t\t\t\t\t<a class=\"elementor-icon elementor-social-icon elementor-social-icon-facebook-f elementor-repeater-item-6e17e5f\" target=\"_blank\">\n\t\t\t\t\t\t<span class=\"elementor-screen-only\">Facebook-f<\/span>\n\t\t\t\t\t\t<i aria-hidden=\"true\" class=\"fab fa-facebook-f\"><\/i>\t\t\t\t\t<\/a>\n\t\t\t\t<\/span>\n\t\t\t\t\t\t\t<span class=\"elementor-grid-item\" role=\"listitem\">\n\t\t\t\t\t<a class=\"elementor-icon elementor-social-icon elementor-social-icon- elementor-repeater-item-14e3603\" target=\"_blank\">\n\t\t\t\t\t\t<span class=\"elementor-screen-only\"><\/span>\n\t\t\t\t\t\t<svg xmlns=\"http:\/\/www.w3.org\/2000\/svg\" id=\"aaf4d88f-6908-42b9-b3d6-5d6a3ec06a43\" data-name=\"Layer 1\" width=\"27\" height=\"26\" viewbox=\"0 0 27 26\"><path d=\"M26.9922,13.12c0-1.952.0071-3.904-.0054-5.856a7.4912,7.4912,0,0,0-.12-1.3338,6.9762,6.9762,0,0,0-2.4989-4.1911,7.3149,7.3149,0,0,0-4.73-1.7279c-4.031-.02-8.0623-.0061-12.0935-.0071a7.347,7.347,0,0,0-3.6653.907,6.9367,6.9367,0,0,0-3.85,6.2265C-.025,11.0332.0121,14.93.0169,18.8272a6.5069,6.5069,0,0,0,.8908,3.3475A7.2785,7.2785,0,0,0,7.419,25.9708c4.0565.0558,8.1145.0148,12.1719.0131a7.6378,7.6378,0,0,0,4.9015-1.8408,6.9218,6.9218,0,0,0,2.4928-5.276C27.0143,16.9517,26.9915,15.0354,26.9922,13.12ZM13.4174,20.21a7.3625,7.3625,0,0,1-7.4061-7.2182,7.3505,7.3505,0,0,1,7.4992-7.2115,7.3516,7.3516,0,0,1,7.4852,7.2146A7.37,7.37,0,0,1,13.4174,20.21ZM22.4962,5.7791a1.48,1.48,0,0,1-1.5005-1.4476,1.5014,1.5014,0,0,1,3-.0009A1.481,1.481,0,0,1,22.4962,5.7791Z\" transform=\"translate(0 0)\" style=\"fill-rule:evenodd\"><\/path><path d=\"M13.4969,8.3571a4.7331,4.7331,0,0,0-4.8183,4.6445,4.74,4.74,0,0,0,4.8241,4.6413,4.74,4.74,0,0,0,4.8187-4.6466A4.7342,4.7342,0,0,0,13.4969,8.3571Z\" transform=\"translate(0 0)\" style=\"fill-rule:evenodd\"><\/path><\/svg>\t\t\t\t\t<\/a>\n\t\t\t\t<\/span>\n\t\t\t\t\t\t\t<span class=\"elementor-grid-item\" role=\"listitem\">\n\t\t\t\t\t<a class=\"elementor-icon elementor-social-icon elementor-social-icon-twitter elementor-repeater-item-2d47b27\" target=\"_blank\">\n\t\t\t\t\t\t<span class=\"elementor-screen-only\">Twitter<\/span>\n\t\t\t\t\t\t<i aria-hidden=\"true\" class=\"fab fa-twitter\"><\/i>\t\t\t\t\t<\/a>\n\t\t\t\t<\/span>\n\t\t\t\t\t\t\t<span class=\"elementor-grid-item\" role=\"listitem\">\n\t\t\t\t\t<a class=\"elementor-icon elementor-social-icon elementor-social-icon- elementor-repeater-item-3d11bef\" target=\"_blank\">\n\t\t\t\t\t\t<span class=\"elementor-screen-only\"><\/span>\n\t\t\t\t\t\t<svg xmlns=\"http:\/\/www.w3.org\/2000\/svg\" id=\"effc26cc-0379-40df-82e4-baccb2878079\" data-name=\"Layer 1\" width=\"28\" height=\"20\" viewbox=\"0 0 28 20\"><path d=\"M13.492,5a9.7217,9.7217,0,0,1,6.3919-2.3262H23A17.1125,17.1125,0,0,0,13.492,0,16.9507,16.9507,0,0,0,4,2.6738H7.1A10.0711,10.0711,0,0,1,13.492,5Z\" transform=\"translate(0)\"><\/path><path d=\"M7.5,10A2.5,2.5,0,1,0,10,12.5,2.4966,2.4966,0,0,0,7.5,10Zm0,3.3333A.8333.8333,0,1,1,8.3333,12.5.8251.8251,0,0,1,7.5,13.3333Z\" transform=\"translate(0)\"><\/path><path d=\"M27.9176,6.2a.8619.8619,0,0,0-.0329-.8.8509.8509,0,0,0-.7054-.4H20.617A7.5522,7.5522,0,0,0,14,9.0667,7.5594,7.5594,0,0,0,7.383,5H.8207a.851.851,0,0,0-.7054.4.8619.8619,0,0,0-.0329.8L.8452,7.733A14.8605,14.8605,0,0,0,0,12.5,7.4532,7.4532,0,0,0,7.3829,20,7.1911,7.1911,0,0,0,12.42,17.95l.0063-.0067.84,1.596a.8147.8147,0,0,0,1.4675,0l.791-1.6071.0557.001A7.1352,7.1352,0,0,0,20.6169,20,7.4533,7.4533,0,0,0,28,12.5a14.8574,14.8574,0,0,0-.8446-4.7668ZM7.3831,16.6667A4.1672,4.1672,0,1,1,11.4845,12.5,4.136,4.136,0,0,1,7.3831,16.6667ZM14,17.303l-.3667-.745.0058-.0081v-.0166c.1312-.2.246-.4.3609-.6a6.0325,6.0325,0,0,0,.3772.6l.0009.0013Zm6.617-.6363A4.1672,4.1672,0,1,1,24.7184,12.5,4.136,4.136,0,0,1,20.6171,16.6667Z\" transform=\"translate(0)\"><\/path><path d=\"M20.5,10A2.5,2.5,0,1,0,23,12.5,2.4966,2.4966,0,0,0,20.5,10Zm0,3.3333a.8333.8333,0,1,1,.8333-.8333A.8251.8251,0,0,1,20.5,13.3333Z\" transform=\"translate(0)\"><\/path><\/svg>\t\t\t\t\t<\/a>\n\t\t\t\t<\/span>\n\t\t\t\t\t<\/div>\n\t\t\t\t\t\t<\/div>\n\t\t\t\t<\/div>\n\t\t\t\t\t<\/div>\n\t\t<\/div>\n\t\t\t\t\t<\/div>\n\t\t<\/section>\n\t\t\t\t<section class=\"elementor-section elementor-top-section elementor-element elementor-element-fbb13dc elementor-section-boxed elementor-section-height-default elementor-section-height-default\" data-id=\"fbb13dc\" data-element_type=\"section\" data-e-type=\"section\" data-settings=\"{&quot;background_background&quot;:&quot;classic&quot;}\">\n\t\t\t\t\t\t<div class=\"elementor-container elementor-column-gap-default\">\n\t\t\t\t\t<div class=\"elementor-column elementor-col-100 elementor-top-column elementor-element elementor-element-279d68e\" data-id=\"279d68e\" data-element_type=\"column\" data-e-type=\"column\">\n\t\t\t<div class=\"elementor-widget-wrap elementor-element-populated\">\n\t\t\t\t\t\t<div class=\"elementor-element elementor-element-a7b655c elementor-widget elementor-widget-spacer\" data-id=\"a7b655c\" data-element_type=\"widget\" data-e-type=\"widget\" data-widget_type=\"spacer.default\">\n\t\t\t\t<div class=\"elementor-widget-container\">\n\t\t\t\t\t\t\t<div class=\"elementor-spacer\">\n\t\t\t<div class=\"elementor-spacer-inner\"><\/div>\n\t\t<\/div>\n\t\t\t\t\t\t<\/div>\n\t\t\t\t<\/div>\n\t\t\t\t<div class=\"elementor-element elementor-element-a03361f elementor-widget elementor-widget-heading\" data-id=\"a03361f\" data-element_type=\"widget\" data-e-type=\"widget\" data-widget_type=\"heading.default\">\n\t\t\t\t<div class=\"elementor-widget-container\">\n\t\t\t\t\t<h2 class=\"elementor-heading-title elementor-size-default\">make a non-binding inquiry now<\/h2>\t\t\t\t<\/div>\n\t\t\t\t<\/div>\n\t\t\t\t\t<\/div>\n\t\t<\/div>\n\t\t\t\t\t<\/div>\n\t\t<\/section>\n\t\t\t\t<section class=\"elementor-section elementor-top-section elementor-element elementor-element-e0fb994 elementor-section-boxed elementor-section-height-default elementor-section-height-default\" data-id=\"e0fb994\" data-element_type=\"section\" data-e-type=\"section\" data-settings=\"{&quot;background_background&quot;:&quot;classic&quot;}\">\n\t\t\t\t\t\t<div class=\"elementor-container elementor-column-gap-default\">\n\t\t\t\t\t<div class=\"elementor-column elementor-col-100 elementor-top-column elementor-element elementor-element-06c8906\" data-id=\"06c8906\" data-element_type=\"column\" data-e-type=\"column\">\n\t\t\t<div class=\"elementor-widget-wrap elementor-element-populated\">\n\t\t\t\t\t\t<div class=\"elementor-element elementor-element-113e8fd elementor-widget elementor-widget-wpforms\" data-id=\"113e8fd\" data-element_type=\"widget\" data-e-type=\"widget\" data-widget_type=\"wpforms.default\">\n\t\t\t\t<div class=\"elementor-widget-container\">\n\t\t\t\t\t<style id=\"wpforms-css-vars-root\">\n\t\t\t\t:root {\n\t\t\t\t\t--wpforms-field-border-radius: 3px;\n--wpforms-field-background-color: #ffffff;\n--wpforms-field-border-color: rgba( 0, 0, 0, 0.25 );\n--wpforms-field-text-color: rgba( 0, 0, 0, 0.7 );\n--wpforms-label-color: rgba( 0, 0, 0, 0.85 );\n--wpforms-label-sublabel-color: rgba( 0, 0, 0, 0.55 );\n--wpforms-label-error-color: #d63637;\n--wpforms-button-border-radius: 3px;\n--wpforms-button-background-color: #066aab;\n--wpforms-button-text-color: #ffffff;\n--wpforms-field-size-input-height: 43px;\n--wpforms-field-size-input-spacing: 15px;\n--wpforms-field-size-font-size: 16px;\n--wpforms-field-size-line-height: 19px;\n--wpforms-field-size-padding-h: 14px;\n--wpforms-field-size-checkbox-size: 16px;\n--wpforms-field-size-sublabel-spacing: 5px;\n--wpforms-field-size-icon-size: 1;\n--wpforms-label-size-font-size: 16px;\n--wpforms-label-size-line-height: 19px;\n--wpforms-label-size-sublabel-font-size: 14px;\n--wpforms-label-size-sublabel-line-height: 17px;\n--wpforms-button-size-font-size: 17px;\n--wpforms-button-size-height: 41px;\n--wpforms-button-size-padding-h: 15px;\n--wpforms-button-size-margin-top: 10px;\n\n\t\t\t\t}\n\t\t\t<\/style>\r\n<style type=\"text\/css\">\r\n\r\nbody #wpforms-31 {\r\nbackground-color:#0a0a0a ;}\r\n\r\n\r\n\tbody #wpforms-31 .wpforms-head-container {\r\n\tbackground-color:#000000 ;border-color:#000000 ;\tborder-width: 0px;}\r\n\r\n\tbody #wpforms-31 .wpforms-head-container .wpforms-title {\r\n\tcolor:#ffffff ;\t}\r\n\r\n\tbody #wpforms-31 .wpforms-head-container .wpforms-description {\r\n\t\tcolor:#dd3333 ;\t\tdisplay:block;\r\n\t}\r\n\r\n\r\n\tbody #wpforms-31 .wpforms-submit-container .wpforms-submit, body #wpforms-31 .wpforms-field-pagebreak button.wpforms-page-button {\r\n\t\ttext-align:center ;color:#000000 ;background-color:#dbd723 ;\t\tborder-width: 0px;\t}\r\n\tbody #wpforms-31 .wpforms-submit-container .wpforms-submit:hover, body #wpforms-31 .wpforms-field-pagebreak button.wpforms-page-button:hover {\r\n\t\t\t}\r\n\tbody #wpforms-31 .wpforms-submit-container,body #wpforms-31 .wpforms-field-pagebreak .wpforms-pagebreak-left{\r\n\ttext-align:center;\t}\r\n\r\n\r\n\tbody #wpforms-31 .wpforms-form .wpforms-field input[type=text],\r\n\tbody #wpforms-31 .wpforms-form .wpforms-field input[type=email],\r\n\tbody #wpforms-31 .wpforms-form .wpforms-field input[type=tel],\r\n\tbody #wpforms-31 .wpforms-form .wpforms-field input[type=url],\r\n\tbody #wpforms-31 .wpforms-form .wpforms-field input[type=password],\r\n\tbody #wpforms-31 .wpforms-form .wpforms-field input[type=number]\r\n\t{\r\n\t\tbackground-color:#ffffff ;color:#0a0a0a ;border-color:#ffffff ;\t\tborder-width: 1px;\t}\r\n\tbody #wpforms-31 .wpforms-form .wpforms-field .wpforms-field-row\r\n\t{\r\n\t\t\t}\r\n\t\r\n\r\n\tbody #wpforms-31 .wpforms-form .wpforms-field textarea {\r\n\t\tbackground-color:#0a0a0a ;color:#ffffff ;border-color:#ffffff ;\t\t\tborder-width: 1px;\t\t\r\n\t}\r\n\r\n \r\n\tbody #wpforms-31 .wpforms-form .wpforms-field select {\r\n\r\n\t\tbackground-color:#ffffff ;color:#0a0000 ;border-color:#0a0000 ;\t\tborder-width: 1px;\t}\r\n\r\n \r\n\tbody #wpforms-31 .wpforms-form .wpforms-field-radio li label,\r\n\tbody #wpforms-31 .wpforms-form .wpforms-field-payment-multiple li label {\r\n\t\tcolor:#ffffff ;\t}\r\n \r\n\tbody #wpforms-31 .wpforms-form .wpforms-field-checkbox li label {\r\n\t\tcolor:#ffffff ;\t}\r\n \r\n\tbody #wpforms-31 .wpforms-form .wpforms-field .wpforms-field-description {\r\n\r\n\t\tcolor:#0a0a0a ;\t}\r\n \r\n\tbody #wpforms-31 .wpforms-form .wpforms-field label.wpforms-field-label {\r\n\t\tcolor:#ffffff ;\t}\r\n\r\n\/* Styling for Tablets *\/\r\n@media only screen and (max-width: 800px) and (min-width:481px) {\r\n\t\r\n\r\n\r\n\r\n}\r\n\r\n@media only screen and (max-width: 480px){\r\n\t\r\n\r\n\r\n\r\n}\r\n\/*Option to add custom CSS *\/\r\n\r\n\r\n\r\n\r\n\t\t<\/style>\r\n\t\t<div class=\"wpforms-container wpforms-container-full wpforms-render-modern\" id=\"wpforms-31\"><form id=\"wpforms-form-31\" class=\"wpforms-validate wpforms-form wpforms-ajax-form\" data-formid=\"31\" method=\"post\" enctype=\"multipart\/form-data\" action=\"\/en\/wp-json\/wp\/v2\/pages\/639\" data-token=\"b60e1f1df9b8d702a2c98df23a26d184\" data-trp-original-action=\"\/en\/wp-json\/wp\/v2\/pages\/639\"><noscript class=\"wpforms-error-noscript\">Please enable JavaScript in your browser to complete this form.<\/noscript><div class=\"wpforms-hidden\" id=\"wpforms-error-noscript\">Please enable JavaScript in your browser to complete this form.<\/div><div class=\"wpforms-field-container\"><div id=\"wpforms-31-field_25-container\" class=\"wpforms-field wpforms-field-name\" data-field-id=\"25\"><label class=\"wpforms-field-label\" for=\"wpforms-31-field_25\">Name \/ Company <span class=\"wpforms-required-label\" aria-hidden=\"true\">*<\/span><\/label><input type=\"text\" id=\"wpforms-31-field_25\" class=\"wpforms-field-medium wpforms-field-required\" name=\"wpforms[fields][25]\" aria-errormessage=\"wpforms-31-field_25-error\" required><\/div><div id=\"wpforms-31-field_16-container\" class=\"wpforms-field wpforms-field-text\" data-field-id=\"16\"><label class=\"wpforms-field-label\" for=\"wpforms-31-field_16\">Date <span class=\"wpforms-required-label\" aria-hidden=\"true\">*<\/span><\/label><input type=\"text\" id=\"wpforms-31-field_16\" class=\"wpforms-field-medium wpforms-field-required\" name=\"wpforms[fields][16]\" placeholder=\"DD\/MM\/YYYY\" aria-errormessage=\"wpforms-31-field_16-error\" required><\/div><div id=\"wpforms-31-field_28-container\" class=\"wpforms-field wpforms-field-number\" data-field-id=\"28\"><label class=\"wpforms-field-label\" for=\"wpforms-31-field_28\">Participants<\/label><input type=\"number\" pattern=\"\\d*\" id=\"wpforms-31-field_28\" class=\"wpforms-field-medium\" name=\"wpforms[fields][28]\" placeholder=\"between 80 - 200 persons\" aria-errormessage=\"wpforms-31-field_28-error\" ><\/div><div id=\"wpforms-31-field_24-container\" class=\"wpforms-field wpforms-field-text\" data-field-id=\"24\"><label class=\"wpforms-field-label\" for=\"wpforms-31-field_24\">E-mail address  <span class=\"wpforms-required-label\" aria-hidden=\"true\">*<\/span><\/label><input type=\"text\" id=\"wpforms-31-field_24\" class=\"wpforms-field-medium wpforms-field-required\" name=\"wpforms[fields][24]\" aria-errormessage=\"wpforms-31-field_24-error\" required><\/div><div id=\"wpforms-31-field_5-container\" class=\"wpforms-field wpforms-field-number\" data-field-id=\"5\"><label class=\"wpforms-field-label\" for=\"wpforms-31-field_5\">Phone number <span class=\"wpforms-required-label\" aria-hidden=\"true\">*<\/span><\/label><input type=\"number\" pattern=\"\\d*\" id=\"wpforms-31-field_5\" class=\"wpforms-field-medium wpforms-field-required\" name=\"wpforms[fields][5]\" aria-errormessage=\"wpforms-31-field_5-error\" required><\/div><div id=\"wpforms-31-field_29-container\" class=\"wpforms-field wpforms-field-textarea\" data-field-id=\"29\"><label class=\"wpforms-field-label\" for=\"wpforms-31-field_29\">More information:<\/label><textarea id=\"wpforms-31-field_29\" class=\"wpforms-field-medium\" name=\"wpforms[fields][29]\" aria-errormessage=\"wpforms-31-field_29-error\" ><\/textarea><\/div><\/div><!-- .wpforms-field-container --><div class=\"wpforms-submit-container\" ><input type=\"hidden\" name=\"wpforms[id]\" value=\"31\"><input type=\"hidden\" name=\"wpforms[author]\" value=\"1\"><button type=\"submit\" name=\"wpforms[submit]\" id=\"wpforms-submit-31\" class=\"wpforms-submit\" data-alt-text=\"Senden\u2026\" data-submit-text=\"Absenden\" aria-live=\"assertive\" value=\"wpforms-submit\">Submit<\/button><img decoding=\"async\" src=\"https:\/\/www.the-resi.de\/wp-content\/plugins\/wpforms-lite\/assets\/images\/submit-spin.svg\" class=\"wpforms-submit-spinner\" style=\"display: none;\" width=\"26\" height=\"26\" alt=\"Loading\"><\/div><input type=\"hidden\" name=\"trp-form-language\" value=\"en\"\/><\/form><\/div>  <!-- .wpforms-container -->\t\t\t\t<\/div>\n\t\t\t\t<\/div>\n\t\t\t\t\t<\/div>\n\t\t<\/div>\n\t\t\t\t\t<\/div>\n\t\t<\/section>\n\t\t\t\t<\/div>","protected":false},"excerpt":{"rendered":"<p>Magic erlebe magische momente Unsere Zaubershow ist ein mitrei\u00dfendes Entertainmentprogramm, das die Grenzen zwischen Realit\u00e4t und Illusion verschwimmen l\u00e4sst. Erleben Sie die Magie und das Staunen, w\u00e4hrend unsere talentierten Zauberer eine Welt der Illusionen, Tricks und \u00dcberraschungen vor Ihren Augen zaubern. Die Interaktion mit dem Publikum ist ein wesentlicher Bestandteil unserer Zaubershows. Unsere Zauberer beziehen [&hellip;]<\/p>","protected":false},"author":1,"featured_media":0,"parent":0,"menu_order":0,"comment_status":"closed","ping_status":"closed","template":"elementor_header_footer","meta":{"om_disable_all_campaigns":false,"_monsterinsights_skip_tracking":false,"_monsterinsights_sitenote_active":false,"_monsterinsights_sitenote_note":"","_monsterinsights_sitenote_category":0,"footnotes":""},"class_list":["post-639","page","type-page","status-publish","hentry"],"aioseo_notices":[],"_links":{"self":[{"href":"https:\/\/www.the-resi.de\/en\/wp-json\/wp\/v2\/pages\/639","targetHints":{"allow":["GET"]}}],"collection":[{"href":"https:\/\/www.the-resi.de\/en\/wp-json\/wp\/v2\/pages"}],"about":[{"href":"https:\/\/www.the-resi.de\/en\/wp-json\/wp\/v2\/types\/page"}],"author":[{"embeddable":true,"href":"https:\/\/www.the-resi.de\/en\/wp-json\/wp\/v2\/users\/1"}],"replies":[{"embeddable":true,"href":"https:\/\/www.the-resi.de\/en\/wp-json\/wp\/v2\/comments?post=639"}],"version-history":[{"count":12,"href":"https:\/\/www.the-resi.de\/en\/wp-json\/wp\/v2\/pages\/639\/revisions"}],"predecessor-version":[{"id":772,"href":"https:\/\/www.the-resi.de\/en\/wp-json\/wp\/v2\/pages\/639\/revisions\/772"}],"wp:attachment":[{"href":"https:\/\/www.the-resi.de\/en\/wp-json\/wp\/v2\/media?parent=639"}],"curies":[{"name":"wp","href":"https:\/\/api.w.org\/{rel}","templated":true}]}}